{"id":661,"date":"2025-10-10T11:36:40","date_gmt":"2025-10-10T11:36:40","guid":{"rendered":"https:\/\/wp.staging.tmgl.org\/americas\/?page_id=661"},"modified":"2025-10-11T11:42:53","modified_gmt":"2025-10-11T11:42:53","slug":"bvs-povos-indigenas","status":"publish","type":"page","link":"https:\/\/wp.staging.tmgl.org\/americas\/bvs-povos-indigenas\/","title":{"rendered":"BVS Povos Ind\u00edgenas"},"content":{"rendered":"\n<p>Esta p\u00e1gina apresenta a miss\u00e3o, os objetivos e a forma de funcionamento da BVS dos Povos Ind\u00edgenas, em conson\u00e2ncia com a Metodologia BVS. Seu prop\u00f3sito \u00e9 oferecer ao p\u00fablico uma vis\u00e3o clara sobre os fundamentos, a estrutura de organiza\u00e7\u00e3o da informa\u00e7\u00e3o e os crit\u00e9rios adotados na curadoria dos conte\u00fados, al\u00e9m de apresentar os p\u00fablicos atendidos e o papel estrat\u00e9gico da BVS na promo\u00e7\u00e3o da sa\u00fade ind\u00edgena.<\/p>\n\n\n<div class=\"wp-block-image\">\n<figure class=\"aligncenter size-full\"><img loading=\"lazy\" decoding=\"async\" width=\"800\" height=\"149\" src=\"https:\/\/wp.staging.tmgl.org\/americas\/wp-content\/uploads\/sites\/3\/2025\/10\/imagem-1.jpeg\" alt=\"\" class=\"wp-image-699\" srcset=\"https:\/\/wp.staging.tmgl.org\/americas\/wp-content\/uploads\/sites\/3\/2025\/10\/imagem-1.jpeg 800w, https:\/\/wp.staging.tmgl.org\/americas\/wp-content\/uploads\/sites\/3\/2025\/10\/imagem-1-300x56.jpeg 300w, https:\/\/wp.staging.tmgl.org\/americas\/wp-content\/uploads\/sites\/3\/2025\/10\/imagem-1-768x143.jpeg 768w\" sizes=\"auto, (max-width: 800px) 100vw, 800px\" \/><\/figure><\/div>\n\n\n<p>&nbsp;A Biblioteca Virtual em Sa\u00fade dos Povos Ind\u00edgenas \u00e9 uma iniciativa que visa ampliar o acesso a informa\u00e7\u00f5es qualificadas, confi\u00e1veis e culturalmente respeitosas sobre a sa\u00fade ind\u00edgena no Brasil. \u00c9 resultado da articula\u00e7\u00e3o entre a Secretaria de Sa\u00fade Ind\u00edgena (SESAI\/MS), o Centro Latino-Americano e do Caribe de Informa\u00e7\u00e3o em Ci\u00eancias da Sa\u00fade (BIREME\/OPAS\/OMS) e institui\u00e7\u00f5es parceiras.<\/p>\n\n\n\n<p>&nbsp;Integrada \u00e0 Rede BVS, sua proposta \u00e9 fortalecer a visibilidade e o uso do conhecimento cient\u00edfico, t\u00e9cnico e popular produzido no \u00e2mbito do Subsistema de Aten\u00e7\u00e3o \u00e0 Sa\u00fade Ind\u00edgena (SasiSUS), por profissionais de sa\u00fade, pesquisadores, gestores, educadores e os pr\u00f3prios povos ind\u00edgenas.<\/p>\n\n\n\n<p>&nbsp;Desenvolvida no contexto da Agenda 2030 e da promo\u00e7\u00e3o da sa\u00fade universal, a BVS dos Povos Ind\u00edgenas atua como um espa\u00e7o estruturante para superar desafios hist\u00f3ricos na comunica\u00e7\u00e3o e no compartilhamento de informa\u00e7\u00f5es entre aldeias, polos base, DSEI e gestores.<\/p>\n\n\n\n<p>&nbsp;A plataforma oferece acesso gratuito, organizado e equitativo a conte\u00fados informacionais de interesse estrat\u00e9gico, com o compromisso de valorizar os saberes tradicionais e fortalecer pol\u00edticas p\u00fablicas voltadas \u00e0 equidade e \u00e0 justi\u00e7a social.<\/p>\n\n\n\n<p>&nbsp;Al\u00e9m de reunir conte\u00fados produzidos por povos ind\u00edgenas, profissionais de sa\u00fade, pesquisadores e gestores, a BVS dos Povos Ind\u00edgenas \u00e9 um espa\u00e7o de valoriza\u00e7\u00e3o da produ\u00e7\u00e3o existente, que favorece o compartilhamento de saberes, a troca de experi\u00eancias e o fortalecimento da forma\u00e7\u00e3o profissional e da gest\u00e3o do cuidado nos territ\u00f3rios ind\u00edgenas.<\/p>\n\n\n\n<p>&nbsp;A consolida\u00e7\u00e3o da BVS dos Povos Ind\u00edgenas \u00e9 resultado de uma longa trajet\u00f3ria iniciada com o fortalecimento do controle social e das pol\u00edticas p\u00fablicas voltadas \u00e0 diversidade sociocultural. Um dos marcos hist\u00f3ricos foi a Constitui\u00e7\u00e3o de 1988, que impulsionou a cria\u00e7\u00e3o do Subsistema de Aten\u00e7\u00e3o \u00e0 Sa\u00fade Ind\u00edgena e estimulou a produ\u00e7\u00e3o de conhecimento em parceria com universidades, centros de pesquisa e lideran\u00e7as ind\u00edgenas.<\/p>\n\n\n\n<p><strong>Miss\u00e3o<\/strong><\/p>\n\n\n\n<p>Promover o acesso gratuito, organizado, equitativo e qualificado \u00e0 informa\u00e7\u00e3o em sa\u00fade, atuando como um espa\u00e7o estruturante para fortalecer a gest\u00e3o do cuidado, a valoriza\u00e7\u00e3o dos saberes tradicionais e a formula\u00e7\u00e3o de pol\u00edticas p\u00fablicas voltadas \u00e0 equidade e \u00e0 justi\u00e7a social, em conson\u00e2ncia com a Agenda 2030 e o princ\u00edpio da sa\u00fade universal.<\/p>\n\n\n\n<p><strong>Objetivos<\/strong><\/p>\n\n\n\n<p>Entre os objetivos da BVS dos Povos Ind\u00edgenas, destacam-se:<\/p>\n\n\n\n<ul class=\"wp-block-list\">\n<li>Valorizar e difundir os saberes tradicionais ind\u00edgenas<\/li>\n\n\n\n<li>Estimular o di\u00e1logo entre conhecimentos cient\u00edficos, t\u00e9cnicos e populares<\/li>\n\n\n\n<li>Fortalecer a mem\u00f3ria institucional e hist\u00f3rica da sa\u00fade ind\u00edgena<\/li>\n\n\n\n<li>Apoiar a gest\u00e3o do cuidado e a tomada de decis\u00e3o em sa\u00fade<\/li>\n\n\n\n<li>Contribuir para a forma\u00e7\u00e3o profissional e a educa\u00e7\u00e3o permanente<\/li>\n\n\n\n<li>Facilitar o acesso a informa\u00e7\u00f5es estrat\u00e9gicas para pesquisa, ensino e pr\u00e1tica em sa\u00fade<\/li>\n\n\n\n<li>Superar barreiras de comunica\u00e7\u00e3o e circula\u00e7\u00e3o de informa\u00e7\u00f5es entre aldeias, polos base, DSEI e gestores<\/li>\n\n\n\n<li>Ampliar a visibilidade da produ\u00e7\u00e3o existente e incentivar o compartilhamento de experi\u00eancias e boas pr\u00e1ticas<\/li>\n<\/ul>\n\n\n\n<p><strong>P\u00fablico-alvo<\/strong><\/p>\n\n\n\n<p>A BVS dos Povos Ind\u00edgenas \u00e9 destinada a um p\u00fablico amplo e diverso, incluindo:<\/p>\n\n\n\n<ul class=\"wp-block-list\">\n<li>Comunidades e lideran\u00e7as ind\u00edgenas<\/li>\n\n\n\n<li>Profissionais e gestores de sa\u00fade, em especial aqueles vinculados \u00e0 SESAI e aos DSEI<\/li>\n\n\n\n<li>Pesquisadores, educadores e estudantes das \u00e1reas de sa\u00fade, ci\u00eancias sociais e humanas<\/li>\n\n\n\n<li>Institui\u00e7\u00f5es de ensino, pesquisa e forma\u00e7\u00e3o em sa\u00fade<\/li>\n\n\n\n<li>E todas as pessoas interessadas na promo\u00e7\u00e3o da sa\u00fade e dos direitos dos povos ind\u00edgenas no Brasil<\/li>\n<\/ul>\n\n\n<div class=\"wp-block-image\">\n<figure class=\"aligncenter size-full\"><img decoding=\"async\" src=\"https:\/\/wp.staging.tmgl.org\/americas\/wp-content\/uploads\/sites\/3\/2025\/10\/imagem-7.png\" alt=\"\" class=\"wp-image-703\" \/><\/figure><\/div>\n\n\n<p><\/p>\n","protected":false},"excerpt":{"rendered":"<p>Esta p\u00e1gina apresenta a miss\u00e3o, os objetivos e a forma de funcionamento da BVS dos Povos Ind\u00edgenas, em conson\u00e2ncia com [&hellip;]<\/p>\n","protected":false},"author":6,"featured_media":0,"parent":0,"menu_order":0,"comment_status":"closed","ping_status":"closed","template":"","meta":{"_acf_changed":false,"footnotes":""},"country":[],"region":[],"class_list":["post-661","page","type-page","status-publish","hentry"],"acf":{"region_resources_title":"Resources","region_resources_subtitle":"Discover resources that enable inclusive, evidence-informed, and culturally respectful integration of traditional medicine into global health systems.","resources":false,"collaboration_network_items":false},"lang":"en","translations":{"en":661},"pll_sync_post":[],"_links":{"self":[{"href":"https:\/\/wp.staging.tmgl.org\/americas\/wp-json\/wp\/v2\/pages\/661","targetHints":{"allow":["GET"]}}],"collection":[{"href":"https:\/\/wp.staging.tmgl.org\/americas\/wp-json\/wp\/v2\/pages"}],"about":[{"href":"https:\/\/wp.staging.tmgl.org\/americas\/wp-json\/wp\/v2\/types\/page"}],"author":[{"embeddable":true,"href":"https:\/\/wp.staging.tmgl.org\/americas\/wp-json\/wp\/v2\/users\/6"}],"replies":[{"embeddable":true,"href":"https:\/\/wp.staging.tmgl.org\/americas\/wp-json\/wp\/v2\/comments?post=661"}],"version-history":[{"count":5,"href":"https:\/\/wp.staging.tmgl.org\/americas\/wp-json\/wp\/v2\/pages\/661\/revisions"}],"predecessor-version":[{"id":706,"href":"https:\/\/wp.staging.tmgl.org\/americas\/wp-json\/wp\/v2\/pages\/661\/revisions\/706"}],"wp:attachment":[{"href":"https:\/\/wp.staging.tmgl.org\/americas\/wp-json\/wp\/v2\/media?parent=661"}],"wp:term":[{"taxonomy":"country","embeddable":true,"href":"https:\/\/wp.staging.tmgl.org\/americas\/wp-json\/wp\/v2\/country?post=661"},{"taxonomy":"region","embeddable":true,"href":"https:\/\/wp.staging.tmgl.org\/americas\/wp-json\/wp\/v2\/region?post=661"}],"curies":[{"name":"wp","href":"https:\/\/api.w.org\/{rel}","templated":true}]}}